{"id":12,"date":"2015-05-15T15:08:42","date_gmt":"2015-05-15T15:08:42","guid":{"rendered":"http:\/\/test.kriesi.at\/church\/?page_id=12"},"modified":"2024-08-31T18:08:05","modified_gmt":"2024-08-31T16:08:05","slug":"home","status":"publish","type":"page","link":"https:\/\/schuetzen-himmelgeist.de\/","title":{"rendered":"Home"},"content":{"rendered":"<div id='full_slider_1'  class='avia-fullwidth-slider main_color avia-shadow   avia-builder-el-0  el_before_av_section  avia-builder-el-first   container_wrap sidebar_right' style=' '  ><div   data-size='no scaling'  data-lightbox_size='large'  data-animation='slide'  data-conditional_play=''  data-ids='1124'  data-video_counter='0'  data-autoplay='false'  data-bg_slider='false'  data-slide_height=''  data-handle='av_slideshow_full'  data-interval='5'  data-class=' image_no_stretch'  data-el_id=''  data-css_id=''  data-scroll_down=''  data-control_layout='av-control-minimal'  data-custom_markup=''  data-perma_caption=''  data-autoplay_stopper=''  data-image_attachment=''  data-min_height='0px'  data-src=''  data-position='top left'  data-repeat='no-repeat'  data-attach='scroll'  data-stretch='image_no_stretch'  class='avia-slideshow avia-slideshow-1  av-control-minimal av-default-height-applied avia-slideshow-no scaling av_slideshow_full  image_no_stretch avia-slide-slider '  itemprop=\"image\" itemscope=\"itemscope\" itemtype=\"https:\/\/schema.org\/ImageObject\" ><ul class='avia-slideshow-inner ' style='padding-bottom: 53.90625%;' ><li  class=' av-single-slide slide-1 ' ><div data-rel='slideshow-1' class='avia-slide-wrap '   ><div class = \"caption_fullwidth av-slideshow-caption caption_bottom\"><div class = \"container caption_container\"><div class = \"slideshow_caption\"><div class = \"slideshow_inner_caption\"><div class = \"slideshow_align_caption\"><h2  class='avia-caption-title  '  itemprop=\"name\" >Der neue Schie\u00dfstand<\/h2><div class='avia-caption-content  '  itemprop=\"description\"  ><p>gebaut 2022<\/p>\n<\/div><\/div><\/div><\/div><\/div><\/div><img src='https:\/\/schuetzen-himmelgeist.de\/wp-content\/uploads\/2022\/09\/2022-08-20_0002-scaled.jpg' width='2560' height='1380' title='2022-08-20_0002' alt=''  itemprop=\"thumbnailUrl\"   \/><div class='av-section-color-overlay' style='opacity: 0.2; background-color: #000000; '><\/div><\/div><\/li><\/ul><\/div><\/div>\n<div id='av_section_1'  class='avia-section alternate_color avia-section-default avia-no-border-styling  avia-bg-style-scroll  avia-builder-el-1  el_after_av_slideshow_full  el_before_av_section   container_wrap sidebar_right' style=' '  ><div class='container' ><div class='template-page content  av-content-small alpha units'><div class='post-entry post-entry-type-page post-entry-12'><div class='entry-content-wrapper clearfix'>\n<div class='flex_column_table av-equal-height-column-flextable -flextable' ><div class=\"flex_column av_two_third  flex_column_table_cell av-equal-height-column av-align-middle av-zero-column-padding first  avia-builder-el-2  el_before_av_one_third  avia-builder-el-first  \" style='border-radius:0px; '><div  style='padding-bottom:0px; font-size:28px;' class='av-special-heading av-special-heading-h4  blockquote modern-quote  avia-builder-el-3  avia-builder-el-no-sibling  av-inherit-size '><h4 class='av-special-heading-tag '  itemprop=\"headline\"  >Herzlich Willkommen!<\/h4><div class='special-heading-border'><div class='special-heading-inner-border' ><\/div><\/div><\/div><\/div><div class='av-flex-placeholder'><\/div><div class=\"flex_column av_one_third  flex_column_table_cell av-equal-height-column av-align-middle av-zero-column-padding   avia-builder-el-4  el_after_av_two_third  el_before_av_hr  \" style='border-radius:0px; '><div  class='avia-button-wrap avia-button-center  avia-builder-el-5  avia-builder-el-no-sibling ' ><a href='https:\/\/schuetzen-himmelgeist.de\/?page_id=15' class='avia-button avia-button-fullwidth   avia-icon_select-yes-right-icon avia-color-custom '  style='color:#ffffff; background-color:#44bb9b;  ' ><span class='avia_iconbox_title' >Aktuelles<\/span><span class='avia_button_icon avia_button_icon_right' aria-hidden='true' data-av_icon='\ue81f' data-av_iconfont='entypo-fontello'><\/span><span class='avia_button_background avia-button avia-button-fullwidth avia-color-custom' style='background-color:#5bbaa0; '><\/span><\/a><\/div><\/div><\/div><!--close column table wrapper. Autoclose: 1 --><div  style='height:45px' class='hr hr-invisible   avia-builder-el-6  el_after_av_one_third  avia-builder-el-last '><span class='hr-inner ' ><span class='hr-inner-style'><\/span><\/span><\/div>\n\n<\/div><\/div><\/div><!-- close content main div --><\/div><\/div><div id='av_section_2'  class='avia-section main_color avia-section-small avia-no-border-styling  avia-bg-style-scroll  avia-builder-el-7  el_after_av_section  el_before_av_section   container_wrap sidebar_right' style=' '  ><div class='container' ><div class='template-page content  av-content-small alpha units'><div class='post-entry post-entry-type-page post-entry-12'><div class='entry-content-wrapper clearfix'>\n<div class='flex_column_table av-equal-height-column-flextable -flextable' style='margin-top:-60px; margin-bottom:0px; '><div class=\"flex_column av_one_half  no_margin flex_column_table_cell av-equal-height-column av-align-top first  avia-builder-el-8  el_before_av_one_half  avia-builder-el-first  \" style='padding:30px; background-color:#ffffff; border-radius:0px; '><p><div  class='avia-image-container  av-styling-    avia-builder-el-9  el_before_av_hr  avia-builder-el-first  avia-align-center '  itemprop=\"image\" itemscope=\"itemscope\" itemtype=\"https:\/\/schema.org\/ImageObject\"  ><div class='avia-image-container-inner'><div class='avia-image-overlay-wrap'><img class='avia_image' src='https:\/\/schuetzen-himmelgeist.de\/wp-content\/uploads\/2021\/01\/LastShareCollage-1024x1024.jpg' alt='' title='LastShareCollage' height=\"1024\" width=\"1024\"  itemprop=\"thumbnailUrl\"  \/><\/div><\/div><\/div><br \/>\n<div  style='height:1px; margin-top:-30px'  class='hr hr-invisible   avia-builder-el-10  el_after_av_image  el_before_av_heading '><span class='hr-inner ' ><span class='hr-inner-style'><\/span><\/span><\/div><br \/>\n<div  style='padding-bottom:0px; ' class='av-special-heading av-special-heading-h3  blockquote modern-quote  avia-builder-el-11  el_after_av_hr  el_before_av_textblock  '><h3 class='av-special-heading-tag '  itemprop=\"headline\"  >\u00dcber uns<\/h3><div class='special-heading-border'><div class='special-heading-inner-border' ><\/div><\/div><\/div><br \/>\n<section class=\"av_textblock_section \"  itemscope=\"itemscope\" itemtype=\"https:\/\/schema.org\/CreativeWork\" ><div class='avia_textblock  '   itemprop=\"text\" ><div><span class=\"lead\">Das Sch\u00fctzenwesen in Himmelgeist ist sehr lebendig und hat eine lange Tradition. Unterst\u00fctzen Sie unser ganzj\u00e4hriges Engagement f\u00fcr das gesellschaftliche Miteinander im Ort wie:<\/span><\/div>\n<ul>\n<li>\n<div><span class=\"lead\">Titularfest des hl. Sebastian<\/span><\/div>\n<\/li>\n<li>\n<div><span class=\"lead\">Maibaumsetzen auf dem Dorfplatz und Maifest<\/span><\/div>\n<\/li>\n<li>\n<div><span class=\"lead\">Dorffest mit B\u00fcrgerk\u00f6nig-, Preisvogel-, Pagenschie\u00dfen und Kinderanimation<\/span><\/div>\n<\/li>\n<li>\n<div><span class=\"lead\">Spendenlauf \u201cHerbert-Hermanns-Lauf\u201c zugunsten der Kinderkrebsklinik D\u00fcsseldorf<br \/>\nmit mittlerweile deutlich \u00fcber 100.000 Euro Spenden<\/span><\/div>\n<\/li>\n<li>\n<div><span class=\"lead\">Sch\u00fctzen- und Volksfest mit gro\u00dfem Festzug, Unterhaltung und Kinderfest<\/span><\/div>\n<\/li>\n<li>\n<div><span class=\"lead\">Oktoberfest der 1.J\u00e4ger-Kompanie<\/span><\/div>\n<\/li>\n<li>\n<div><span class=\"lead\">Sammlung f\u00fcr St. Martinsfest mit Martinszug durch den Ort und T\u00fctenausgabe<\/span><\/div>\n<\/li>\n<li>\n<div><span class=\"lead\">Weihnachtsbaumsetzen auf dem Dorfplatz<\/span><\/div>\n<\/li>\n<li>\n<div><span class=\"lead\">Jugendarbeit<\/span><\/div>\n<\/li>\n<li>\n<div><span class=\"lead\">Schie\u00dfwettbewerbe<\/span><\/div>\n<\/li>\n<li>\n<div><span class=\"lead\">Soziales Engagement und Nachbarschaftshilfe<\/span><\/div>\n<\/li>\n<li>\n<div><span class=\"lead\">Unterst\u00fctzung und Zusammenarbeit mit anderen Vereinen, den Kinderg\u00e4rten und der Pfarrkirche St. Nikolaus<\/span><\/div>\n<\/li>\n<\/ul>\n<\/div><\/section><\/p><\/div><div class=\"flex_column av_one_half  avia-full-stretch no_margin flex_column_table_cell av-equal-height-column av-align-top   avia-builder-el-13  el_after_av_one_half  avia-builder-el-last  \" style='padding:30px; background-color:#ffffff; border-radius:0px; '><p><div  class='avia-image-container  av-styling-    avia-builder-el-14  el_before_av_hr  avia-builder-el-first  avia-align-center '  itemprop=\"image\" itemscope=\"itemscope\" itemtype=\"https:\/\/schema.org\/ImageObject\"  ><div class='avia-image-container-inner'><div class='avia-image-overlay-wrap'><img class='avia_image' src='https:\/\/schuetzen-himmelgeist.de\/wp-content\/uploads\/2024\/08\/Pagenkompanie-2024-300x200.jpg' alt='' title='Pagenkompanie 2024' height=\"200\" width=\"300\"  itemprop=\"thumbnailUrl\"  \/><\/div><\/div><\/div><br \/>\n<div  style='height:1px; margin-top:-30px'  class='hr hr-invisible   avia-builder-el-15  el_after_av_image  el_before_av_heading '><span class='hr-inner ' ><span class='hr-inner-style'><\/span><\/span><\/div><br \/>\n<div  style='padding-bottom:0px; ' class='av-special-heading av-special-heading-h3  blockquote modern-quote  avia-builder-el-16  el_after_av_hr  el_before_av_textblock  '><h3 class='av-special-heading-tag '  itemprop=\"headline\"  >Mitglied werden<\/h3><div class='special-heading-border'><div class='special-heading-inner-border' ><\/div><\/div><\/div><br \/>\n<section class=\"av_textblock_section \"  itemscope=\"itemscope\" itemtype=\"https:\/\/schema.org\/CreativeWork\" ><div class='avia_textblock  '   itemprop=\"text\" ><div><span class=\"lead\">Bei uns kann jeder (<strong>m<\/strong>) Mitglied werden, ob jung oder alt. Wir freuen uns auch \u00fcber jedes passive Mitglied, das alleine durch seine Mitgliedschaft die Verbundenheit zum Verein dokumentiert.<\/span><\/div>\n<div><span class=\"lead\">Unterst\u00fctzen Sie uns mit Ihren Beitr\u00e4gen, welche f\u00fcr die satzungsgem\u00e4\u00dfe Aufgabenerledigung des Vereins eingesetzt werden und helfen Sie uns Traditionen aufrechtzuerhalten, indem Sie sie einfach selbst erleben und mit fortf\u00fchren.<\/span><\/div>\n<div><\/div>\n<div>\n<div><span class=\"lead\">Haben Sie Fragen oder m\u00f6chten aktives oder passives Mitglied werden, sprechen Sie uns an.<\/span><\/div>\n<div><\/div>\n<div><span class=\"lead\">Wir freuen uns auf Sie!<\/span><\/div>\n<\/div>\n<\/div><\/section><\/p><\/div><\/div><!--close column table wrapper. Autoclose: 1 --><\/div><\/div><\/div><!-- close content main div --><\/div><\/div><div id='av_section_3'  class='avia-section main_color avia-section-small avia-no-border-styling  avia-bg-style-scroll  avia-builder-el-18  el_after_av_section  el_before_av_contact   container_wrap sidebar_right' style=' '  ><div class='container' ><div class='template-page content  av-content-small alpha units'><div class='post-entry post-entry-type-page post-entry-12'><div class='entry-content-wrapper clearfix'>\n<div class='flex_column_table av-equal-height-column-flextable -flextable' ><div class=\"flex_column av_two_third  no_margin flex_column_table_cell av-equal-height-column av-align-top first  avia-builder-el-19  el_before_av_one_third  avia-builder-el-first  \" style='padding:30px; background-color:#ffffff; border-radius:0px; '><p><div  style='padding-bottom:0px; ' class='av-special-heading av-special-heading-h3  blockquote modern-quote modern-centered  avia-builder-el-20  el_before_av_hr  avia-builder-el-first  '><h3 class='av-special-heading-tag '  itemprop=\"headline\"  >Aktuelles aus der Bruderschaft<\/h3><div class='special-heading-border'><div class='special-heading-inner-border' ><\/div><\/div><\/div><br \/>\n<div  style=' margin-top:20px; margin-bottom:30px;'  class='hr hr-custom hr-center hr-icon-yes   avia-builder-el-21  el_after_av_heading  el_before_av_magazine '><span class='hr-inner  inner-border-av-border-thin' style=' width:45%; max-width:45%;' ><span class='hr-inner-style'><\/span><\/span><span class='av-seperator-icon' style='color:#658529;' aria-hidden='true' data-av_icon='\ue8bf' data-av_iconfont='entypo-fontello'><\/span><span class='hr-inner  inner-border-av-border-thin' style=' width:45%; max-width:45%;' ><span class='hr-inner-style'><\/span><\/span><\/div><br \/>\n<div  id=\"1\"  class='av-magazine   avia-builder-el-22  el_after_av_hr  avia-builder-el-last   ' ><div class='av-magazine-group sort_all'><article class='av-magazine-entry av-magazine-entry-id-1680 av-magazine-format-standard av-magazine-type-post av-magazine-entry-1 av-magazine-entry-small '  itemscope=\"itemscope\" itemtype=\"https:\/\/schema.org\/CreativeWork\" ><div class='av-magazine-thumbnail'><a href='https:\/\/schuetzen-himmelgeist.de\/?p=1680' title='Link zu: W\u00e4hlt unser K\u00f6nigspaar zum NRZ-K\u00f6nigspaar 2025' class='iconfont av-magazine-entry-icon' aria-hidden='true' data-av_icon='\ue836' data-av_iconfont='entypo-fontello'><\/a><\/div><div class='av-magazine-content-wrap'><header class='entry-content-header'><time class='av-magazine-time updated'  itemprop=\"datePublished\" datetime=\"2025-09-09T18:13:37+02:00\" >9. September 2025<\/time><h3 class='av-magazine-title entry-title '  itemprop=\"headline\" ><a href='https:\/\/schuetzen-himmelgeist.de\/?p=1680' title='Link zu: W\u00e4hlt unser K\u00f6nigspaar zum NRZ-K\u00f6nigspaar 2025'>W\u00e4hlt unser K\u00f6nigspaar zum NRZ-K\u00f6nigspaar 2025<\/a><\/h3><\/header><\/div><footer class='entry-footer'><\/footer><\/article><article class='av-magazine-entry av-magazine-entry-id-1658 av-magazine-format-standard av-magazine-type-post av-magazine-entry-2 av-magazine-entry-small '  itemscope=\"itemscope\" itemtype=\"https:\/\/schema.org\/CreativeWork\" ><div class='av-magazine-thumbnail'><a href='https:\/\/schuetzen-himmelgeist.de\/?p=1658' title='Link zu: Sch\u00fctzenfest 2025 in Himmelgeist' class='iconfont av-magazine-entry-icon' aria-hidden='true' data-av_icon='\ue836' data-av_iconfont='entypo-fontello'><\/a><\/div><div class='av-magazine-content-wrap'><header class='entry-content-header'><time class='av-magazine-time updated'  itemprop=\"datePublished\" datetime=\"2025-07-19T17:21:25+02:00\" >19. Juli 2025<\/time><h3 class='av-magazine-title entry-title '  itemprop=\"headline\" ><a href='https:\/\/schuetzen-himmelgeist.de\/?p=1658' title='Link zu: Sch\u00fctzenfest 2025 in Himmelgeist'>Sch\u00fctzenfest 2025 in Himmelgeist<\/a><\/h3><\/header><\/div><footer class='entry-footer'><\/footer><\/article><article class='av-magazine-entry av-magazine-entry-id-1651 av-magazine-format-standard av-magazine-type-post av-magazine-entry-3 av-magazine-entry-small '  itemscope=\"itemscope\" itemtype=\"https:\/\/schema.org\/CreativeWork\" ><div class='av-magazine-thumbnail'><a href='https:\/\/schuetzen-himmelgeist.de\/?p=1651' title='Link zu: Dorffest in Himmelgeist' class='iconfont av-magazine-entry-icon' aria-hidden='true' data-av_icon='\ue836' data-av_iconfont='entypo-fontello'><\/a><\/div><div class='av-magazine-content-wrap'><header class='entry-content-header'><time class='av-magazine-time updated'  itemprop=\"datePublished\" datetime=\"2025-06-08T18:54:44+02:00\" >8. Juni 2025<\/time><h3 class='av-magazine-title entry-title '  itemprop=\"headline\" ><a href='https:\/\/schuetzen-himmelgeist.de\/?p=1651' title='Link zu: Dorffest in Himmelgeist'>Dorffest in Himmelgeist<\/a><\/h3><\/header><\/div><footer class='entry-footer'><\/footer><\/article><article class='av-magazine-entry av-magazine-entry-id-1602 av-magazine-format-standard av-magazine-type-post av-magazine-entry-4 av-magazine-entry-small '  itemscope=\"itemscope\" itemtype=\"https:\/\/schema.org\/CreativeWork\" ><div class='av-magazine-thumbnail'><a href='https:\/\/schuetzen-himmelgeist.de\/?p=1602' title='Link zu: St. Martin in Himmelgeist' class='iconfont av-magazine-entry-icon' aria-hidden='true' data-av_icon='\ue836' data-av_iconfont='entypo-fontello'><\/a><\/div><div class='av-magazine-content-wrap'><header class='entry-content-header'><time class='av-magazine-time updated'  itemprop=\"datePublished\" datetime=\"2024-11-20T18:25:16+01:00\" >20. November 2024<\/time><h3 class='av-magazine-title entry-title '  itemprop=\"headline\" ><a href='https:\/\/schuetzen-himmelgeist.de\/?p=1602' title='Link zu: St. Martin in Himmelgeist'>St. Martin in Himmelgeist<\/a><\/h3><\/header><\/div><footer class='entry-footer'><\/footer><\/article><article class='av-magazine-entry av-magazine-entry-id-1569 av-magazine-format-standard av-magazine-type-post av-magazine-entry-5 av-magazine-entry-small '  itemscope=\"itemscope\" itemtype=\"https:\/\/schema.org\/CreativeWork\" ><div class='av-magazine-thumbnail'><a href='https:\/\/schuetzen-himmelgeist.de\/?p=1569' title='Link zu: Veranstaltungen in Himmelgeist 2025' class='iconfont av-magazine-entry-icon' aria-hidden='true' data-av_icon='\ue836' data-av_iconfont='entypo-fontello'><\/a><\/div><div class='av-magazine-content-wrap'><header class='entry-content-header'><time class='av-magazine-time updated'  itemprop=\"datePublished\" datetime=\"2024-11-20T16:55:00+01:00\" >20. November 2024<\/time><h3 class='av-magazine-title entry-title '  itemprop=\"headline\" ><a href='https:\/\/schuetzen-himmelgeist.de\/?p=1569' title='Link zu: Veranstaltungen in Himmelgeist 2025'>Veranstaltungen in Himmelgeist 2025<\/a><\/h3><\/header><\/div><footer class='entry-footer'><\/footer><\/article><\/div><\/div><\/p><\/div><div class=\"flex_column av_one_third  no_margin flex_column_table_cell av-equal-height-column av-align-top   avia-builder-el-23  el_after_av_two_third  avia-builder-el-last  \" style='background: #ffffff; padding:30px; background-color:#ffffff; border-radius:0px; '><p><div  style='padding-bottom:0px; ' class='av-special-heading av-special-heading-h3  blockquote modern-quote modern-centered  avia-builder-el-24  el_before_av_hr  avia-builder-el-first  '><h3 class='av-special-heading-tag '  itemprop=\"headline\"  >Die n\u00e4chsten Termine<\/h3><div class='special-heading-border'><div class='special-heading-inner-border' ><\/div><\/div><\/div><br \/>\n<div  style=' margin-top:20px; margin-bottom:30px;'  class='hr hr-custom hr-center hr-icon-yes   avia-builder-el-25  el_after_av_heading  el_before_av_upcoming_events '><span class='hr-inner  inner-border-av-border-thin' style=' width:45%; max-width:45%;' ><span class='hr-inner-style'><\/span><\/span><span class='av-seperator-icon' style='color:#658529;' aria-hidden='true' data-av_icon='\ue8bf' data-av_iconfont='entypo-fontello'><\/span><span class='hr-inner  inner-border-av-border-thin' style=' width:45%; max-width:45%;' ><span class='hr-inner-style'><\/span><\/span><\/div><br \/>\n<\/p><\/div><\/div><!--close column table wrapper. Autoclose: 1 -->\n<\/div><\/div><\/div><!-- close content main div --><\/div><\/div><div id='after_section_3'  class='main_color av_default_container_wrap container_wrap sidebar_right' style=' '  ><div class='container' ><div class='template-page content  av-content-small alpha units'><div class='post-entry post-entry-type-page post-entry-12'><div class='entry-content-wrapper clearfix'><\/p>\n<form action=\"https:\/\/schuetzen-himmelgeist.de\/\" method=\"post\"  class=\"avia_ajax_form av-form-labels-visible   avia-builder-el-27  el_after_av_section  el_before_av_one_full  avia-builder-el-first   \" data-avia-form-id=\"1\" data-avia-redirect='' ><h3 class=''>Sende uns eine E-Mail<\/h3><fieldset><p class='  first_form  form_element form_fullwidth' id='element_avia_1_1'><label for=\"avia_1_1\">Name <abbr class=\"required\" title=\"ben\u00f6tigt\">*<\/abbr><\/label> <input name=\"avia_1_1\" class=\"text_input is_empty\" type=\"text\" id=\"avia_1_1\" value=\"\" \/><\/p><p class='  first_form  form_element form_fullwidth' id='element_avia_2_1'><label for=\"avia_2_1\">E-Mail <abbr class=\"required\" title=\"ben\u00f6tigt\">*<\/abbr><\/label> <input name=\"avia_2_1\" class=\"text_input is_email\" type=\"text\" id=\"avia_2_1\" value=\"\" \/><\/p><p class='  first_form  form_element form_fullwidth' id='element_avia_3_1'><label for=\"avia_3_1\">Betreff <abbr class=\"required\" title=\"ben\u00f6tigt\">*<\/abbr><\/label> <input name=\"avia_3_1\" class=\"text_input is_empty\" type=\"text\" id=\"avia_3_1\" value=\"\" \/><\/p><p class='  first_form  form_element form_fullwidth av-last-visible-form-element' id='element_avia_4_1'><label for=\"avia_4_1\" class=\"textare_label hidden textare_label_avia_4_1\">Nachricht <abbr class=\"required\" title=\"ben\u00f6tigt\">*<\/abbr><\/label><textarea  name=\"avia_4_1\" class=\"text_area is_empty\" cols=\"40\" rows=\"7\" id=\"avia_4_1\" ><\/textarea><\/p><p class=\"hidden\"><input type=\"text\" name=\"avia_5_1\" class=\"hidden \" id=\"avia_5_1\" value=\"\" \/><\/p><p class=\"form_element \"><input type=\"hidden\" value=\"1\" name=\"avia_generated_form1\" \/><input type=\"submit\" value=\"Senden\" class=\"button\"  data-sending-label=\"Sende\"\/><\/p><\/fieldset><\/form><div id=\"ajaxresponse_1\" class=\"ajaxresponse ajaxresponse_1 hidden\"><\/div>\n<div class=\"flex_column av_one_full  flex_column_div av-zero-column-padding first  avia-builder-el-28  el_after_av_contact  el_before_av_one_full  \" style='border-radius:0px; '><\/div>\n<div class=\"flex_column av_one_full  flex_column_div av-zero-column-padding first  avia-builder-el-29  el_after_av_one_full  avia-builder-el-last  column-top-margin\" style='border-radius:0px; '><\/div>\n","protected":false},"excerpt":{"rendered":"","protected":false},"author":1,"featured_media":0,"parent":0,"menu_order":0,"comment_status":"open","ping_status":"closed","template":"","meta":{"_exactmetrics_skip_tracking":false,"_exactmetrics_sitenote_active":false,"_exactmetrics_sitenote_note":"","_exactmetrics_sitenote_category":0,"footnotes":""},"class_list":["post-12","page","type-page","status-publish","hentry"],"jetpack_sharing_enabled":true,"_links":{"self":[{"href":"https:\/\/schuetzen-himmelgeist.de\/index.php?rest_route=\/wp\/v2\/pages\/12","targetHints":{"allow":["GET"]}}],"collection":[{"href":"https:\/\/schuetzen-himmelgeist.de\/index.php?rest_route=\/wp\/v2\/pages"}],"about":[{"href":"https:\/\/schuetzen-himmelgeist.de\/index.php?rest_route=\/wp\/v2\/types\/page"}],"author":[{"embeddable":true,"href":"https:\/\/schuetzen-himmelgeist.de\/index.php?rest_route=\/wp\/v2\/users\/1"}],"replies":[{"embeddable":true,"href":"https:\/\/schuetzen-himmelgeist.de\/index.php?rest_route=%2Fwp%2Fv2%2Fcomments&post=12"}],"version-history":[{"count":21,"href":"https:\/\/schuetzen-himmelgeist.de\/index.php?rest_route=\/wp\/v2\/pages\/12\/revisions"}],"predecessor-version":[{"id":1539,"href":"https:\/\/schuetzen-himmelgeist.de\/index.php?rest_route=\/wp\/v2\/pages\/12\/revisions\/1539"}],"wp:attachment":[{"href":"https:\/\/schuetzen-himmelgeist.de\/index.php?rest_route=%2Fwp%2Fv2%2Fmedia&parent=12"}],"curies":[{"name":"wp","href":"https:\/\/api.w.org\/{rel}","templated":true}]}}